{"id":7443,"date":"2026-04-13T13:29:37","date_gmt":"2026-04-13T11:29:37","guid":{"rendered":"https:\/\/mayoristas.munira.net\/?post_type=product&#038;p=7443"},"modified":"2026-04-18T10:24:20","modified_gmt":"2026-04-18T08:24:20","slug":"pack-5-llaveros-piel-estampados","status":"publish","type":"product","link":"https:\/\/mayoristas.munira.net\/en\/pack-5-llaveros-piel-estampados\/","title":{"rendered":"Pack 5 llaveros piel estampados"},"content":{"rendered":"","protected":false},"excerpt":{"rendered":"<p>Surtido de 5 llaveros con dise\u00f1os diferentes, con estampado inspiraci\u00f3n mosaicos isl\u00e1micos en ambas caras.<\/p>","protected":false},"featured_media":7465,"template":"","meta":[],"product_brand":[],"product_cat":[31,37],"product_tag":[],"class_list":{"0":"post-7443","1":"product","2":"type-product","3":"status-publish","4":"has-post-thumbnail","6":"product_cat-cuero","7":"product_cat-llaveros","9":"first","10":"instock","11":"taxable","12":"shipping-taxable","13":"product-type-simple"},"_links":{"self":[{"href":"https:\/\/mayoristas.munira.net\/en\/wp-json\/wp\/v2\/product\/7443","targetHints":{"allow":["GET"]}}],"collection":[{"href":"https:\/\/mayoristas.munira.net\/en\/wp-json\/wp\/v2\/product"}],"about":[{"href":"https:\/\/mayoristas.munira.net\/en\/wp-json\/wp\/v2\/types\/product"}],"wp:featuredmedia":[{"embeddable":true,"href":"https:\/\/mayoristas.munira.net\/en\/wp-json\/wp\/v2\/media\/7465"}],"wp:attachment":[{"href":"https:\/\/mayoristas.munira.net\/en\/wp-json\/wp\/v2\/media?parent=7443"}],"wp:term":[{"taxonomy":"product_brand","embeddable":true,"href":"https:\/\/mayoristas.munira.net\/en\/wp-json\/wp\/v2\/product_brand?post=7443"},{"taxonomy":"product_cat","embeddable":true,"href":"https:\/\/mayoristas.munira.net\/en\/wp-json\/wp\/v2\/product_cat?post=7443"},{"taxonomy":"product_tag","embeddable":true,"href":"https:\/\/mayoristas.munira.net\/en\/wp-json\/wp\/v2\/product_tag?post=7443"}],"curies":[{"name":"wp","href":"https:\/\/api.w.org\/{rel}","templated":true}]}}